{"id":479,"date":"2022-01-13T15:13:04","date_gmt":"2022-01-13T15:13:04","guid":{"rendered":"https:\/\/analisislab.es\/?page_id=479"},"modified":"2023-08-02T09:21:56","modified_gmt":"2023-08-02T07:21:56","slug":"consulta-resultados","status":"publish","type":"page","link":"https:\/\/analisislab.es\/ca\/consulta-resultats\/","title":{"rendered":"Consulta resultats"},"content":{"rendered":"<div data-elementor-type=\"wp-page\" data-elementor-id=\"479\" class=\"elementor elementor-479\" data-elementor-post-type=\"page\">\n\t\t\t\t\t\t<section data-particle_enable=\"false\" data-particle-mobile-disabled=\"false\" class=\"elementor-section elementor-top-section elementor-element elementor-element-5fad246 elementor-section-full_width elementor-section-height-default elementor-section-height-default\" data-id=\"5fad246\" data-element_type=\"section\" data-settings=\"{&quot;background_background&quot;:&quot;classic&quot;}\">\n\t\t\t\t\t\t<div class=\"elementor-container elementor-column-gap-default\">\n\t\t\t\t\t<div class=\"elementor-column elementor-col-100 elementor-top-column elementor-element elementor-element-4d0b5df\" data-id=\"4d0b5df\" data-element_type=\"column\" data-settings=\"{&quot;background_background&quot;:&quot;classic&quot;}\">\n\t\t\t<div class=\"elementor-widget-wrap elementor-element-populated\">\n\t\t\t\t\t\t<section data-particle_enable=\"false\" data-particle-mobile-disabled=\"false\" class=\"elementor-section elementor-inner-section elementor-element elementor-element-557a9fd elementor-section-boxed elementor-section-height-default elementor-section-height-default\" data-id=\"557a9fd\" data-element_type=\"section\">\n\t\t\t\t\t\t<div class=\"elementor-container elementor-column-gap-default\">\n\t\t\t\t\t<div class=\"elementor-column elementor-col-100 elementor-inner-column elementor-element elementor-element-2f1a1ea\" data-id=\"2f1a1ea\" data-element_type=\"column\">\n\t\t\t<div class=\"elementor-widget-wrap elementor-element-populated\">\n\t\t\t\t\t\t<div class=\"elementor-element elementor-element-ff789e8 elementor-widget elementor-widget-text-editor\" data-id=\"ff789e8\" data-element_type=\"widget\" data-widget_type=\"text-editor.default\">\n\t\t\t\t<div class=\"elementor-widget-container\">\n\t\t\t\t\t\t\t\t\tConsulta los resultados aqu\u00ed:\t\t\t\t\t\t\t\t<\/div>\n\t\t\t\t<\/div>\n\t\t\t\t\t<\/div>\n\t\t<\/div>\n\t\t\t\t\t<\/div>\n\t\t<\/section>\n\t\t\t\t<section data-particle_enable=\"false\" data-particle-mobile-disabled=\"false\" class=\"elementor-section elementor-inner-section elementor-element elementor-element-08e2d6e elementor-section-boxed elementor-section-height-default elementor-section-height-default\" data-id=\"08e2d6e\" data-element_type=\"section\">\n\t\t\t\t\t\t<div class=\"elementor-container elementor-column-gap-default\">\n\t\t\t\t\t<div class=\"elementor-column elementor-col-100 elementor-inner-column elementor-element elementor-element-297842d\" data-id=\"297842d\" data-element_type=\"column\" data-settings=\"{&quot;background_background&quot;:&quot;classic&quot;}\">\n\t\t\t<div class=\"elementor-widget-wrap elementor-element-populated\">\n\t\t\t\t\t\t<div class=\"elementor-element elementor-element-e8959d9 elementor-widget elementor-widget-heading\" data-id=\"e8959d9\" data-element_type=\"widget\" data-widget_type=\"heading.default\">\n\t\t\t\t<div class=\"elementor-widget-container\">\n\t\t\t\t\t<h1 class=\"elementor-heading-title elementor-size-default\">Consulta resultats professionals i particulars<\/h1>\t\t\t\t<\/div>\n\t\t\t\t<\/div>\n\t\t\t\t<div class=\"elementor-element elementor-element-0d341f9 elementor-widget elementor-widget-text-editor\" data-id=\"0d341f9\" data-element_type=\"widget\" data-widget_type=\"text-editor.default\">\n\t\t\t\t<div class=\"elementor-widget-container\">\n\t\t\t\t\t\t\t\t\t<p>Accedeix a la Zona de Consulta de Resultats, com a professional o particular<\/p>\t\t\t\t\t\t\t\t<\/div>\n\t\t\t\t<\/div>\n\t\t\t\t<div class=\"elementor-element elementor-element-cd35fc5 elementor-align-justify elementor-widget elementor-widget-button\" data-id=\"cd35fc5\" data-element_type=\"widget\" data-widget_type=\"button.default\">\n\t\t\t\t<div class=\"elementor-widget-container\">\n\t\t\t\t\t\t\t\t\t<div class=\"elementor-button-wrapper\">\n\t\t\t\t\t<a class=\"elementor-button elementor-button-link elementor-size-sm\" href=\"https:\/\/www.zendolims.com\/analisislab\/resultados\/\">\n\t\t\t\t\t\t<span class=\"elementor-button-content-wrapper\">\n\t\t\t\t\t\t<span class=\"elementor-button-icon\">\n\t\t\t\t<i aria-hidden=\"true\" class=\"far fa-arrow-alt-circle-right\"><\/i>\t\t\t<\/span>\n\t\t\t\t\t\t\t\t\t<span class=\"elementor-button-text\">Resultats <\/span>\n\t\t\t\t\t<\/span>\n\t\t\t\t\t<\/a>\n\t\t\t\t<\/div>\n\t\t\t\t\t\t\t\t<\/div>\n\t\t\t\t<\/div>\n\t\t\t\t\t<\/div>\n\t\t<\/div>\n\t\t\t\t\t<\/div>\n\t\t<\/section>\n\t\t\t\t\t<\/div>\n\t\t<\/div>\n\t\t\t\t\t<\/div>\n\t\t<\/section>\n\t\t\t\t<section data-particle_enable=\"false\" data-particle-mobile-disabled=\"false\" class=\"elementor-section elementor-top-section elementor-element elementor-element-4dfbe7b elementor-section-full_width elementor-section-height-default elementor-section-height-default\" data-id=\"4dfbe7b\" data-element_type=\"section\">\n\t\t\t\t\t\t<div class=\"elementor-container elementor-column-gap-no\">\n\t\t\t\t\t<div class=\"elementor-column elementor-col-100 elementor-top-column elementor-element elementor-element-7ba0aff\" data-id=\"7ba0aff\" data-element_type=\"column\">\n\t\t\t<div class=\"elementor-widget-wrap elementor-element-populated\">\n\t\t\t\t\t\t<div class=\"elementor-element elementor-element-91e5134 elementor-widget elementor-widget-shortcode\" data-id=\"91e5134\" data-element_type=\"widget\" data-widget_type=\"shortcode.default\">\n\t\t\t\t<div class=\"elementor-widget-container\">\n\t\t\t\t\t\t\t<div class=\"elementor-shortcode\">\t\t<div data-elementor-type=\"section\" data-elementor-id=\"262\" class=\"elementor elementor-262\" data-elementor-post-type=\"elementor_library\">\n\t\t\t\t\t<section data-particle_enable=\"false\" data-particle-mobile-disabled=\"false\" class=\"elementor-section elementor-top-section elementor-element elementor-element-45271d7 elementor-section-full_width elementor-section-height-min-height elementor-section-height-default elementor-section-items-middle\" data-id=\"45271d7\" data-element_type=\"section\" data-settings=\"{&quot;background_background&quot;:&quot;classic&quot;}\">\n\t\t\t\t\t\t\t<div class=\"elementor-background-overlay\"><\/div>\n\t\t\t\t\t\t\t<div class=\"elementor-container elementor-column-gap-default\">\n\t\t\t\t\t<div class=\"elementor-column elementor-col-100 elementor-top-column elementor-element elementor-element-c76de9c\" data-id=\"c76de9c\" data-element_type=\"column\">\n\t\t\t<div class=\"elementor-widget-wrap elementor-element-populated\">\n\t\t\t\t\t\t<div class=\"elementor-element elementor-element-0336770 elementor-widget elementor-widget-heading\" data-id=\"0336770\" data-element_type=\"widget\" data-widget_type=\"heading.default\">\n\t\t\t\t<div class=\"elementor-widget-container\">\n\t\t\t\t\t<p class=\"elementor-heading-title elementor-size-default\">Necessites m\u00e9s informaci\u00f3?<\/p>\t\t\t\t<\/div>\n\t\t\t\t<\/div>\n\t\t\t\t<div class=\"elementor-element elementor-element-a5e686c elementor-widget elementor-widget-text-editor\" data-id=\"a5e686c\" data-element_type=\"widget\" data-widget_type=\"text-editor.default\">\n\t\t\t\t<div class=\"elementor-widget-container\">\n\t\t\t\t\t\t\t\t\tContacta amb nosaltres i respondrem totes les teves inquietuds.\t\t\t\t\t\t\t\t<\/div>\n\t\t\t\t<\/div>\n\t\t\t\t<div class=\"elementor-element elementor-element-debb2af elementor-align-center elementor-mobile-align-center elementor-widget elementor-widget-button\" data-id=\"debb2af\" data-element_type=\"widget\" data-widget_type=\"button.default\">\n\t\t\t\t<div class=\"elementor-widget-container\">\n\t\t\t\t\t\t\t\t\t<div class=\"elementor-button-wrapper\">\n\t\t\t\t\t<a class=\"elementor-button elementor-button-link elementor-size-sm\" href=\"https:\/\/analisislab.es\/ca\/contacte\/\">\n\t\t\t\t\t\t<span class=\"elementor-button-content-wrapper\">\n\t\t\t\t\t\t<span class=\"elementor-button-icon\">\n\t\t\t\t<i aria-hidden=\"true\" class=\"far fa-arrow-alt-circle-right\"><\/i>\t\t\t<\/span>\n\t\t\t\t\t\t\t\t\t<span class=\"elementor-button-text\">Contacta&#039;ns <\/span>\n\t\t\t\t\t<\/span>\n\t\t\t\t\t<\/a>\n\t\t\t\t<\/div>\n\t\t\t\t\t\t\t\t<\/div>\n\t\t\t\t<\/div>\n\t\t\t\t\t<\/div>\n\t\t<\/div>\n\t\t\t\t\t<\/div>\n\t\t<\/section>\n\t\t\t\t<\/div>\n\t\t<\/div>\n\t\t\t\t\t\t<\/div>\n\t\t\t\t<\/div>\n\t\t\t\t\t<\/div>\n\t\t<\/div>\n\t\t\t\t\t<\/div>\n\t\t<\/section>\n\t\t\t\t<\/div>","protected":false},"excerpt":{"rendered":"<p>Consulta els resultats aqu\u00ed: Consulta Resultats professionals i particulars Accedeix a la Zona de Consulta de Resultats, com a professional o particular Resultats<\/p>","protected":false},"author":1,"featured_media":0,"parent":0,"menu_order":0,"comment_status":"closed","ping_status":"closed","template":"elementor_header_footer","meta":{"footnotes":""},"class_list":["post-479","page","type-page","status-publish"],"yoast_head":"<!-- This site is optimized with the Yoast SEO Premium plugin v25.8 (Yoast SEO v25.8) - https:\/\/yoast.com\/wordpress\/plugins\/seo\/ -->\n<title>Consulta resultados - Analisis Lab<\/title>\n<meta name=\"robots\" content=\"noindex, follow, max-snippet:-1, max-image-preview:large, max-video-preview:-1\" \/>\n<meta property=\"og:locale\" content=\"ca_ES\" \/>\n<meta property=\"og:type\" content=\"article\" \/>\n<meta property=\"og:title\" content=\"Consulta resultados\" \/>\n<meta property=\"og:description\" content=\"Consulta los resultados aqu\u00ed: Consulta Resultados profesionales y particulares Accede a la Zona de Consulta de Resultados, como profesional o particular Resultados\" \/>\n<meta property=\"og:url\" content=\"https:\/\/analisislab.es\/ca\/consulta-resultats\/\" \/>\n<meta property=\"og:site_name\" content=\"Analisis Lab\" \/>\n<meta property=\"article:modified_time\" content=\"2023-08-02T07:21:56+00:00\" \/>\n<meta name=\"twitter:card\" content=\"summary_large_image\" \/>\n<meta name=\"twitter:label1\" content=\"Temps estimat de lectura\" \/>\n\t<meta name=\"twitter:data1\" content=\"1 minut\" \/>\n<script type=\"application\/ld+json\" class=\"yoast-schema-graph\">{\"@context\":\"https:\/\/schema.org\",\"@graph\":[{\"@type\":\"WebPage\",\"@id\":\"https:\/\/analisislab.es\/consulta-resultados\/\",\"url\":\"https:\/\/analisislab.es\/consulta-resultados\/\",\"name\":\"Consulta resultados - Analisis Lab\",\"isPartOf\":{\"@id\":\"https:\/\/analisislab.es\/#website\"},\"datePublished\":\"2022-01-13T15:13:04+00:00\",\"dateModified\":\"2023-08-02T07:21:56+00:00\",\"breadcrumb\":{\"@id\":\"https:\/\/analisislab.es\/consulta-resultados\/#breadcrumb\"},\"inLanguage\":\"ca\",\"potentialAction\":[{\"@type\":\"ReadAction\",\"target\":[\"https:\/\/analisislab.es\/consulta-resultados\/\"]}]},{\"@type\":\"BreadcrumbList\",\"@id\":\"https:\/\/analisislab.es\/consulta-resultados\/#breadcrumb\",\"itemListElement\":[{\"@type\":\"ListItem\",\"position\":1,\"name\":\"Home\",\"item\":\"https:\/\/analisislab.es\/\"},{\"@type\":\"ListItem\",\"position\":2,\"name\":\"Consulta resultados\"}]},{\"@type\":\"WebSite\",\"@id\":\"https:\/\/analisislab.es\/#website\",\"url\":\"https:\/\/analisislab.es\/\",\"name\":\"Analisis Lab\",\"description\":\"Centro de an\u00e1lisis cl\u00ednicos Calidad y rapidez en los resultados en m\u00e1s de 3.000 pruebas de laboratorio.\",\"publisher\":{\"@id\":\"https:\/\/analisislab.es\/#organization\"},\"potentialAction\":[{\"@type\":\"SearchAction\",\"target\":{\"@type\":\"EntryPoint\",\"urlTemplate\":\"https:\/\/analisislab.es\/?s={search_term_string}\"},\"query-input\":{\"@type\":\"PropertyValueSpecification\",\"valueRequired\":true,\"valueName\":\"search_term_string\"}}],\"inLanguage\":\"ca\"},{\"@type\":\"Organization\",\"@id\":\"https:\/\/analisislab.es\/#organization\",\"name\":\"Analisis Lab\",\"url\":\"https:\/\/analisislab.es\/\",\"logo\":{\"@type\":\"ImageObject\",\"inLanguage\":\"ca\",\"@id\":\"https:\/\/analisislab.es\/#\/schema\/logo\/image\/\",\"url\":\"https:\/\/analisislab.es\/wp-content\/uploads\/2022\/01\/cropped-logo.png\",\"contentUrl\":\"https:\/\/analisislab.es\/wp-content\/uploads\/2022\/01\/cropped-logo.png\",\"width\":990,\"height\":351,\"caption\":\"Analisis Lab\"},\"image\":{\"@id\":\"https:\/\/analisislab.es\/#\/schema\/logo\/image\/\"}}]}<\/script>\n<!-- \/ Yoast SEO Premium plugin. -->","yoast_head_json":{"title":"Consulta resultats - Analisis Lab","robots":{"index":"noindex","follow":"follow","max-snippet":"max-snippet:-1","max-image-preview":"max-image-preview:large","max-video-preview":"max-video-preview:-1"},"og_locale":"ca_ES","og_type":"article","og_title":"Consulta resultados","og_description":"Consulta los resultados aqu\u00ed: Consulta Resultados profesionales y particulares Accede a la Zona de Consulta de Resultados, como profesional o particular Resultados","og_url":"https:\/\/analisislab.es\/ca\/consulta-resultats\/","og_site_name":"Analisis Lab","article_modified_time":"2023-08-02T07:21:56+00:00","twitter_card":"summary_large_image","twitter_misc":{"Temps estimat de lectura":"1 minut"},"schema":{"@context":"https:\/\/schema.org","@graph":[{"@type":"WebPage","@id":"https:\/\/analisislab.es\/consulta-resultados\/","url":"https:\/\/analisislab.es\/consulta-resultados\/","name":"Consulta resultats - Analisis Lab","isPartOf":{"@id":"https:\/\/analisislab.es\/#website"},"datePublished":"2022-01-13T15:13:04+00:00","dateModified":"2023-08-02T07:21:56+00:00","breadcrumb":{"@id":"https:\/\/analisislab.es\/consulta-resultados\/#breadcrumb"},"inLanguage":"ca","potentialAction":[{"@type":"ReadAction","target":["https:\/\/analisislab.es\/consulta-resultados\/"]}]},{"@type":"BreadcrumbList","@id":"https:\/\/analisislab.es\/consulta-resultados\/#breadcrumb","itemListElement":[{"@type":"ListItem","position":1,"name":"Home","item":"https:\/\/analisislab.es\/"},{"@type":"ListItem","position":2,"name":"Consulta resultados"}]},{"@type":"WebSite","@id":"https:\/\/analisislab.es\/#website","url":"https:\/\/analisislab.es\/","name":"An\u00e0lisi Lab","description":"Centro de an\u00e1lisis cl\u00ednicos Calidad y rapidez en los resultados en m\u00e1s de 3.000 pruebas de laboratorio.","publisher":{"@id":"https:\/\/analisislab.es\/#organization"},"potentialAction":[{"@type":"SearchAction","target":{"@type":"EntryPoint","urlTemplate":"https:\/\/analisislab.es\/?s={search_term_string}"},"query-input":{"@type":"PropertyValueSpecification","valueRequired":true,"valueName":"search_term_string"}}],"inLanguage":"ca"},{"@type":"Organization","@id":"https:\/\/analisislab.es\/#organization","name":"An\u00e0lisi Lab","url":"https:\/\/analisislab.es\/","logo":{"@type":"ImageObject","inLanguage":"ca","@id":"https:\/\/analisislab.es\/#\/schema\/logo\/image\/","url":"https:\/\/analisislab.es\/wp-content\/uploads\/2022\/01\/cropped-logo.png","contentUrl":"https:\/\/analisislab.es\/wp-content\/uploads\/2022\/01\/cropped-logo.png","width":990,"height":351,"caption":"Analisis Lab"},"image":{"@id":"https:\/\/analisislab.es\/#\/schema\/logo\/image\/"}}]}},"_links":{"self":[{"href":"https:\/\/analisislab.es\/ca\/wp-json\/wp\/v2\/pages\/479","targetHints":{"allow":["GET"]}}],"collection":[{"href":"https:\/\/analisislab.es\/ca\/wp-json\/wp\/v2\/pages"}],"about":[{"href":"https:\/\/analisislab.es\/ca\/wp-json\/wp\/v2\/types\/page"}],"author":[{"embeddable":true,"href":"https:\/\/analisislab.es\/ca\/wp-json\/wp\/v2\/users\/1"}],"replies":[{"embeddable":true,"href":"https:\/\/analisislab.es\/ca\/wp-json\/wp\/v2\/comments?post=479"}],"version-history":[{"count":37,"href":"https:\/\/analisislab.es\/ca\/wp-json\/wp\/v2\/pages\/479\/revisions"}],"predecessor-version":[{"id":2898,"href":"https:\/\/analisislab.es\/ca\/wp-json\/wp\/v2\/pages\/479\/revisions\/2898"}],"wp:attachment":[{"href":"https:\/\/analisislab.es\/ca\/wp-json\/wp\/v2\/media?parent=479"}],"curies":[{"name":"wp","href":"https:\/\/api.w.org\/{rel}","templated":true}]}}