{"id":147,"date":"2022-01-05T14:33:55","date_gmt":"2022-01-05T14:33:55","guid":{"rendered":"https:\/\/analisislab.es\/?page_id=147"},"modified":"2022-04-06T09:26:28","modified_gmt":"2022-04-06T09:26:28","slug":"politica-de-cookies","status":"publish","type":"page","link":"https:\/\/analisislab.es\/ca\/politica-de-cookies\/","title":{"rendered":"Pol\u00edtica de galetes"},"content":{"rendered":"<div data-elementor-type=\"wp-page\" data-elementor-id=\"147\" class=\"elementor elementor-147\" data-elementor-post-type=\"page\">\n\t\t\t\t\t\t<section data-particle_enable=\"false\" data-particle-mobile-disabled=\"false\" class=\"elementor-section elementor-top-section elementor-element elementor-element-853c4c7 elementor-section-height-min-height elementor-section-boxed elementor-section-height-default elementor-section-items-middle\" data-id=\"853c4c7\" data-element_type=\"section\" data-settings=\"{&quot;background_background&quot;:&quot;classic&quot;}\">\n\t\t\t\t\t\t<div class=\"elementor-container elementor-column-gap-default\">\n\t\t\t\t\t<div class=\"elementor-column elementor-col-100 elementor-top-column elementor-element elementor-element-5e8fc75\" data-id=\"5e8fc75\" data-element_type=\"column\">\n\t\t\t<div class=\"elementor-widget-wrap elementor-element-populated\">\n\t\t\t\t\t\t<section data-particle_enable=\"false\" data-particle-mobile-disabled=\"false\" class=\"elementor-section elementor-inner-section elementor-element elementor-element-e2cd6e7 elementor-section-boxed elementor-section-height-default elementor-section-height-default\" data-id=\"e2cd6e7\" data-element_type=\"section\">\n\t\t\t\t\t\t<div class=\"elementor-container elementor-column-gap-default\">\n\t\t\t\t\t<div class=\"elementor-column elementor-col-100 elementor-inner-column elementor-element elementor-element-4004c1f\" data-id=\"4004c1f\" data-element_type=\"column\">\n\t\t\t<div class=\"elementor-widget-wrap elementor-element-populated\">\n\t\t\t\t\t\t<div class=\"elementor-element elementor-element-3b83273 elementor-widget elementor-widget-heading\" data-id=\"3b83273\" data-element_type=\"widget\" data-widget_type=\"heading.default\">\n\t\t\t\t<div class=\"elementor-widget-container\">\n\t\t\t\t\t<h1 class=\"elementor-heading-title elementor-size-default\">Pol\u00edtica de galetes<\/h1>\t\t\t\t<\/div>\n\t\t\t\t<\/div>\n\t\t\t\t\t<\/div>\n\t\t<\/div>\n\t\t\t\t\t<\/div>\n\t\t<\/section>\n\t\t\t\t\t<\/div>\n\t\t<\/div>\n\t\t\t\t\t<\/div>\n\t\t<\/section>\n\t\t\t\t<section data-particle_enable=\"false\" data-particle-mobile-disabled=\"false\" class=\"elementor-section elementor-top-section elementor-element elementor-element-a0e2d8e elementor-section-boxed elementor-section-height-default elementor-section-height-default\" data-id=\"a0e2d8e\" data-element_type=\"section\">\n\t\t\t\t\t\t<div class=\"elementor-container elementor-column-gap-default\">\n\t\t\t\t\t<div class=\"elementor-column elementor-col-100 elementor-top-column elementor-element elementor-element-26ea20d\" data-id=\"26ea20d\" data-element_type=\"column\">\n\t\t\t<div class=\"elementor-widget-wrap elementor-element-populated\">\n\t\t\t\t\t\t<section data-particle_enable=\"false\" data-particle-mobile-disabled=\"false\" class=\"elementor-section elementor-inner-section elementor-element elementor-element-d13bf8a elementor-section-boxed elementor-section-height-default elementor-section-height-default\" data-id=\"d13bf8a\" data-element_type=\"section\">\n\t\t\t\t\t\t<div class=\"elementor-container elementor-column-gap-wider\">\n\t\t\t\t\t<div class=\"elementor-column elementor-col-50 elementor-inner-column elementor-element elementor-element-19a579d\" data-id=\"19a579d\" data-element_type=\"column\">\n\t\t\t<div class=\"elementor-widget-wrap elementor-element-populated\">\n\t\t\t\t\t\t<div class=\"elementor-element elementor-element-6ff331a elementor-widget elementor-widget-text-editor\" data-id=\"6ff331a\" data-element_type=\"widget\" data-widget_type=\"text-editor.default\">\n\t\t\t\t<div class=\"elementor-widget-container\">\n\t\t\t\t\t\t\t\t\t<p><strong>\u00bfQu\u00e9 son las Cookies?<\/strong><\/p><p>Una cookie es un archivo o dispositivo que se descarga en el equipo terminal de un usuario con la finalidad de almacenar datos que podr\u00e1n ser actualizados y recuperados por la entidad responsable de su instalaci\u00f3n. Es decir, es un fichero que se descarga en su ordenador al acceder a determinadas p\u00e1ginas web. Las cookies permiten a una p\u00e1gina web, entre otras cosas, almacenar y recuperar informaci\u00f3n sobre los h\u00e1bitos de navegaci\u00f3n de un usuario o de su equipo y, dependiendo de la informaci\u00f3n que contengan y de la forma en que utilice su equipo, pueden utilizarse para reconocer al usuario.<\/p><p><strong>Les seves funcions principals s\u00f3n:<\/strong><\/p><ul><li>Llevar el control de usuarios: cuando un usuario introduce su nombre de usuario y contrase\u00f1a, se almacena una cookie para que no tenga que estar introduci\u00e9ndolas para cada p\u00e1gina del servidor. Sin embargo, una cookie no identifica solo a una persona, sino a una combinaci\u00f3n de computador-navegador-usuario.<\/li><li>Conseguir informaci\u00f3n sobre los h\u00e1bitos de navegaci\u00f3n del usuario, e intentos de spyware (programas esp\u00eda), por parte de agencias de publicidad y otros. Esto puede causar problemas de privacidad y es una de las razones por la que las cookies tienen sus detractores. Existen diferentes tipos de cookies en funci\u00f3n, sobre todo, de la finalidad para la que son utilizadas, as\u00ed se distinguen, entre otras las siguientes: Cookies de an\u00e1lisis: estas cookies se utilizan para llevar a cabo un an\u00e1lisis de los comportamientos y acciones de los usuarios de la p\u00e1gina web as\u00ed como para la elaboraci\u00f3n de perfiles de navegaci\u00f3n con el fin de realizar mejoras t\u00e9cnicas de funcionamiento y de servicio. Cookies publicitarias: permiten una gesti\u00f3n eficiente de espacios publicitarios en base a una serie de criterios, por ejemplo, verificar si el usuario ha tenido ya acceso o no a una noticia para proceder a actualizarla con una otra nueva. Cookies de publicidad comportamental: estas cookies se encargan de almacenar informaci\u00f3n del propio comportamiento de los usuarios centr\u00e1ndose en sus h\u00e1bitos de navegaci\u00f3n. Esto permite establecer perfiles de usuario en funci\u00f3n de su comportamiento y utilizarlos para personalizar la publicidad presentada. Si el usuario desea obtener m\u00e1s informaci\u00f3n sobre las cookies puede consultar el siguiente sitio web http:\/\/www.aboutcookies.org\/. \u00bfQu\u00e9 tipo de cookies utiliza esta p\u00e1gina web? La presente p\u00e1gina web est\u00e1 utilizando cookies que permiten facilitar al usuario el uso y la navegaci\u00f3n a trav\u00e9s de la misma, garantizar el acceso a determinados servicios, as\u00ed como mejorar la configuraci\u00f3n funcional de la web.<\/li><\/ul><p>\u00a0<\/p>\t\t\t\t\t\t\t\t<\/div>\n\t\t\t\t<\/div>\n\t\t\t\t\t<\/div>\n\t\t<\/div>\n\t\t\t\t<div class=\"elementor-column elementor-col-50 elementor-inner-column elementor-element elementor-element-5ae31cb\" data-id=\"5ae31cb\" data-element_type=\"column\">\n\t\t\t<div class=\"elementor-widget-wrap elementor-element-populated\">\n\t\t\t\t\t\t<div class=\"elementor-element elementor-element-88b0d73 elementor-widget elementor-widget-text-editor\" data-id=\"88b0d73\" data-element_type=\"widget\" data-widget_type=\"text-editor.default\">\n\t\t\t\t<div class=\"elementor-widget-container\">\n\t\t\t\t\t\t\t\t\t<p><strong>Concretamente, esta p\u00e1gina web utiliza las siguientes cookies:<\/strong><\/p><p><img fetchpriority=\"high\" decoding=\"async\" class=\"alignnone wp-image-8457 lazyloaded\" src=\"https:\/\/www.antala.es\/wp-content\/uploads\/2018\/07\/cookies.jpg\" sizes=\"(max-width: 644px) 100vw, 644px\" srcset=\"https:\/\/www.antala.es\/wp-content\/uploads\/2018\/07\/cookies.jpg 1171w, https:\/\/www.antala.es\/wp-content\/uploads\/2018\/07\/cookies-800x155.jpg 800w, https:\/\/www.antala.es\/wp-content\/uploads\/2018\/07\/cookies-300x58.jpg 300w, https:\/\/www.antala.es\/wp-content\/uploads\/2018\/07\/cookies-768x149.jpg 768w, https:\/\/www.antala.es\/wp-content\/uploads\/2018\/07\/cookies-1024x199.jpg 1024w\" alt=\"\" width=\"644\" height=\"125\" data-srcset=\"https:\/\/www.antala.es\/wp-content\/uploads\/2018\/07\/cookies.jpg 1171w, https:\/\/www.antala.es\/wp-content\/uploads\/2018\/07\/cookies-800x155.jpg 800w, https:\/\/www.antala.es\/wp-content\/uploads\/2018\/07\/cookies-300x58.jpg 300w, https:\/\/www.antala.es\/wp-content\/uploads\/2018\/07\/cookies-768x149.jpg 768w, https:\/\/www.antala.es\/wp-content\/uploads\/2018\/07\/cookies-1024x199.jpg 1024w\" data-ll-status=\"loaded\" data-src=\"https:\/\/www.antala.es\/wp-content\/uploads\/2018\/07\/cookies.jpg\" data-sizes=\"(max-width: 644px) 100vw, 644px\" \/><\/p><p><strong>\u00bfC\u00f3mo gestionar la configuraci\u00f3n de las cookies?<\/strong><\/p><p>En el presente apartado se lleva a cabo una breve exposici\u00f3n de c\u00f3mo consultar y llevar a cabo la configuraci\u00f3n del sistema de cookies en relaci\u00f3n a los navegadores m\u00e1s comunes o m\u00e1s utilizados por los usuarios En este sentido, pr\u00e1cticamente todos los navegadores permiten al usuario obtener informaci\u00f3n general sobre las cookies instaladas en una p\u00e1gina web, concretamente verificar la existencia de las mismas, su duraci\u00f3n o el sistema de eliminaci\u00f3n. En este sentido, a t\u00edtulo informativo, se facilitan una serie de enlaces relacionados:<\/p><ul><li>Google Chrome<\/li><li>Mozilla Firefox<\/li><li>Internet Explorer<\/li><\/ul><p>Por otra parte, el usuario podr\u00e1 permitir, bloquear o eliminar las cookies instaladas en su equipo modificando la configuraci\u00f3n de su navegador conforme a las instrucciones indicadas en el mismo. A t\u00edtulo informativo se indica que habitualmente la configuraci\u00f3n de las cookies se suele llevar a cabo en el men\u00fa \u201cPreferencias\u201d o \u201cHerramientas\u201d de cada navegador, en cualquier caso, siempre podr\u00e1 acudir a la ayuda de su navegador para solucionar o solventar las dudas que se le generen al respecto. Conviene tener en cuenta que, si se impide la instalaci\u00f3n de todas las cookies, el contenido de la web as\u00ed como determinadas funcionalidades y servicios facilitados por la misma pueden verse afectados.<\/p>\t\t\t\t\t\t\t\t<\/div>\n\t\t\t\t<\/div>\n\t\t\t\t\t<\/div>\n\t\t<\/div>\n\t\t\t\t\t<\/div>\n\t\t<\/section>\n\t\t\t\t\t<\/div>\n\t\t<\/div>\n\t\t\t\t\t<\/div>\n\t\t<\/section>\n\t\t\t\t<\/div>","protected":false},"excerpt":{"rendered":"<p>Pol\u00edtica de Cookies \u00bfQu\u00e9 son las Cookies? Una cookie es un archivo o dispositivo que se descarga en el equipo terminal de un usuario con la finalidad de almacenar datos que podr\u00e1n ser actualizados y recuperados por la entidad responsable de su instalaci\u00f3n. Es decir, es un fichero que se descarga en su ordenador al &#8230; <a title=\"Pol\u00edtica de galetes\" class=\"read-more\" href=\"https:\/\/analisislab.es\/ca\/politica-de-cookies\/\" aria-label=\"M\u00e9s informaci\u00f3 sobre Pol\u00edtica de Cookies\">Llegiu m\u00e9s<\/a><\/p>","protected":false},"author":1,"featured_media":0,"parent":0,"menu_order":0,"comment_status":"closed","ping_status":"closed","template":"elementor_header_footer","meta":{"footnotes":""},"class_list":["post-147","page","type-page","status-publish"],"yoast_head":"<!-- This site is optimized with the Yoast SEO Premium plugin v25.8 (Yoast SEO v25.8) - https:\/\/yoast.com\/wordpress\/plugins\/seo\/ -->\n<title>Pol\u00edtica de Cookies - Analisis Lab<\/title>\n<meta name=\"robots\" content=\"noindex, follow, max-snippet:-1, max-image-preview:large, max-video-preview:-1\" \/>\n<meta property=\"og:locale\" content=\"ca_ES\" \/>\n<meta property=\"og:type\" content=\"article\" \/>\n<meta property=\"og:title\" content=\"Pol\u00edtica de Cookies\" \/>\n<meta property=\"og:description\" content=\"Pol\u00edtica de Cookies \u00bfQu\u00e9 son las Cookies? Una cookie es un archivo o dispositivo que se descarga en el equipo terminal de un usuario con la finalidad de almacenar datos que podr\u00e1n ser actualizados y recuperados por la entidad responsable de su instalaci\u00f3n. Es decir, es un fichero que se descarga en su ordenador al ... Llegiu m\u00e9s\" \/>\n<meta property=\"og:url\" content=\"https:\/\/analisislab.es\/ca\/politica-de-cookies\/\" \/>\n<meta property=\"og:site_name\" content=\"Analisis Lab\" \/>\n<meta property=\"article:modified_time\" content=\"2022-04-06T09:26:28+00:00\" \/>\n<meta property=\"og:image\" content=\"https:\/\/www.antala.es\/wp-content\/uploads\/2018\/07\/cookies.jpg\" \/>\n<meta name=\"twitter:card\" content=\"summary_large_image\" \/>\n<meta name=\"twitter:label1\" content=\"Temps estimat de lectura\" \/>\n\t<meta name=\"twitter:data1\" content=\"4 minuts\" \/>\n<script type=\"application\/ld+json\" class=\"yoast-schema-graph\">{\"@context\":\"https:\/\/schema.org\",\"@graph\":[{\"@type\":\"WebPage\",\"@id\":\"https:\/\/analisislab.es\/politica-de-cookies\/\",\"url\":\"https:\/\/analisislab.es\/politica-de-cookies\/\",\"name\":\"Pol\u00edtica de Cookies - Analisis Lab\",\"isPartOf\":{\"@id\":\"https:\/\/analisislab.es\/#website\"},\"primaryImageOfPage\":{\"@id\":\"https:\/\/analisislab.es\/politica-de-cookies\/#primaryimage\"},\"image\":{\"@id\":\"https:\/\/analisislab.es\/politica-de-cookies\/#primaryimage\"},\"thumbnailUrl\":\"https:\/\/www.antala.es\/wp-content\/uploads\/2018\/07\/cookies.jpg\",\"datePublished\":\"2022-01-05T14:33:55+00:00\",\"dateModified\":\"2022-04-06T09:26:28+00:00\",\"breadcrumb\":{\"@id\":\"https:\/\/analisislab.es\/politica-de-cookies\/#breadcrumb\"},\"inLanguage\":\"ca\",\"potentialAction\":[{\"@type\":\"ReadAction\",\"target\":[\"https:\/\/analisislab.es\/politica-de-cookies\/\"]}]},{\"@type\":\"ImageObject\",\"inLanguage\":\"ca\",\"@id\":\"https:\/\/analisislab.es\/politica-de-cookies\/#primaryimage\",\"url\":\"https:\/\/www.antala.es\/wp-content\/uploads\/2018\/07\/cookies.jpg\",\"contentUrl\":\"https:\/\/www.antala.es\/wp-content\/uploads\/2018\/07\/cookies.jpg\"},{\"@type\":\"BreadcrumbList\",\"@id\":\"https:\/\/analisislab.es\/politica-de-cookies\/#breadcrumb\",\"itemListElement\":[{\"@type\":\"ListItem\",\"position\":1,\"name\":\"Home\",\"item\":\"https:\/\/analisislab.es\/\"},{\"@type\":\"ListItem\",\"position\":2,\"name\":\"Pol\u00edtica de Cookies\"}]},{\"@type\":\"WebSite\",\"@id\":\"https:\/\/analisislab.es\/#website\",\"url\":\"https:\/\/analisislab.es\/\",\"name\":\"Analisis Lab\",\"description\":\"Centro de an\u00e1lisis cl\u00ednicos Calidad y rapidez en los resultados en m\u00e1s de 3.000 pruebas de laboratorio.\",\"publisher\":{\"@id\":\"https:\/\/analisislab.es\/#organization\"},\"potentialAction\":[{\"@type\":\"SearchAction\",\"target\":{\"@type\":\"EntryPoint\",\"urlTemplate\":\"https:\/\/analisislab.es\/?s={search_term_string}\"},\"query-input\":{\"@type\":\"PropertyValueSpecification\",\"valueRequired\":true,\"valueName\":\"search_term_string\"}}],\"inLanguage\":\"ca\"},{\"@type\":\"Organization\",\"@id\":\"https:\/\/analisislab.es\/#organization\",\"name\":\"Analisis Lab\",\"url\":\"https:\/\/analisislab.es\/\",\"logo\":{\"@type\":\"ImageObject\",\"inLanguage\":\"ca\",\"@id\":\"https:\/\/analisislab.es\/#\/schema\/logo\/image\/\",\"url\":\"https:\/\/analisislab.es\/wp-content\/uploads\/2022\/01\/cropped-logo.png\",\"contentUrl\":\"https:\/\/analisislab.es\/wp-content\/uploads\/2022\/01\/cropped-logo.png\",\"width\":990,\"height\":351,\"caption\":\"Analisis Lab\"},\"image\":{\"@id\":\"https:\/\/analisislab.es\/#\/schema\/logo\/image\/\"}}]}<\/script>\n<!-- \/ Yoast SEO Premium plugin. -->","yoast_head_json":{"title":"Pol\u00edtica de Cookies - An\u00e0lisi Lab","robots":{"index":"noindex","follow":"follow","max-snippet":"max-snippet:-1","max-image-preview":"max-image-preview:large","max-video-preview":"max-video-preview:-1"},"og_locale":"ca_ES","og_type":"article","og_title":"Pol\u00edtica de Cookies","og_description":"Pol\u00edtica de Cookies \u00bfQu\u00e9 son las Cookies? Una cookie es un archivo o dispositivo que se descarga en el equipo terminal de un usuario con la finalidad de almacenar datos que podr\u00e1n ser actualizados y recuperados por la entidad responsable de su instalaci\u00f3n. Es decir, es un fichero que se descarga en su ordenador al ... Llegiu m\u00e9s","og_url":"https:\/\/analisislab.es\/ca\/politica-de-cookies\/","og_site_name":"Analisis Lab","article_modified_time":"2022-04-06T09:26:28+00:00","og_image":[{"url":"https:\/\/www.antala.es\/wp-content\/uploads\/2018\/07\/cookies.jpg","type":"","width":"","height":""}],"twitter_card":"summary_large_image","twitter_misc":{"Temps estimat de lectura":"4 minuts"},"schema":{"@context":"https:\/\/schema.org","@graph":[{"@type":"WebPage","@id":"https:\/\/analisislab.es\/politica-de-cookies\/","url":"https:\/\/analisislab.es\/politica-de-cookies\/","name":"Pol\u00edtica de Cookies - An\u00e0lisi Lab","isPartOf":{"@id":"https:\/\/analisislab.es\/#website"},"primaryImageOfPage":{"@id":"https:\/\/analisislab.es\/politica-de-cookies\/#primaryimage"},"image":{"@id":"https:\/\/analisislab.es\/politica-de-cookies\/#primaryimage"},"thumbnailUrl":"https:\/\/www.antala.es\/wp-content\/uploads\/2018\/07\/cookies.jpg","datePublished":"2022-01-05T14:33:55+00:00","dateModified":"2022-04-06T09:26:28+00:00","breadcrumb":{"@id":"https:\/\/analisislab.es\/politica-de-cookies\/#breadcrumb"},"inLanguage":"ca","potentialAction":[{"@type":"ReadAction","target":["https:\/\/analisislab.es\/politica-de-cookies\/"]}]},{"@type":"ImageObject","inLanguage":"ca","@id":"https:\/\/analisislab.es\/politica-de-cookies\/#primaryimage","url":"https:\/\/www.antala.es\/wp-content\/uploads\/2018\/07\/cookies.jpg","contentUrl":"https:\/\/www.antala.es\/wp-content\/uploads\/2018\/07\/cookies.jpg"},{"@type":"BreadcrumbList","@id":"https:\/\/analisislab.es\/politica-de-cookies\/#breadcrumb","itemListElement":[{"@type":"ListItem","position":1,"name":"Home","item":"https:\/\/analisislab.es\/"},{"@type":"ListItem","position":2,"name":"Pol\u00edtica de Cookies"}]},{"@type":"WebSite","@id":"https:\/\/analisislab.es\/#website","url":"https:\/\/analisislab.es\/","name":"An\u00e0lisi Lab","description":"Centro de an\u00e1lisis cl\u00ednicos Calidad y rapidez en los resultados en m\u00e1s de 3.000 pruebas de laboratorio.","publisher":{"@id":"https:\/\/analisislab.es\/#organization"},"potentialAction":[{"@type":"SearchAction","target":{"@type":"EntryPoint","urlTemplate":"https:\/\/analisislab.es\/?s={search_term_string}"},"query-input":{"@type":"PropertyValueSpecification","valueRequired":true,"valueName":"search_term_string"}}],"inLanguage":"ca"},{"@type":"Organization","@id":"https:\/\/analisislab.es\/#organization","name":"An\u00e0lisi Lab","url":"https:\/\/analisislab.es\/","logo":{"@type":"ImageObject","inLanguage":"ca","@id":"https:\/\/analisislab.es\/#\/schema\/logo\/image\/","url":"https:\/\/analisislab.es\/wp-content\/uploads\/2022\/01\/cropped-logo.png","contentUrl":"https:\/\/analisislab.es\/wp-content\/uploads\/2022\/01\/cropped-logo.png","width":990,"height":351,"caption":"Analisis Lab"},"image":{"@id":"https:\/\/analisislab.es\/#\/schema\/logo\/image\/"}}]}},"_links":{"self":[{"href":"https:\/\/analisislab.es\/ca\/wp-json\/wp\/v2\/pages\/147","targetHints":{"allow":["GET"]}}],"collection":[{"href":"https:\/\/analisislab.es\/ca\/wp-json\/wp\/v2\/pages"}],"about":[{"href":"https:\/\/analisislab.es\/ca\/wp-json\/wp\/v2\/types\/page"}],"author":[{"embeddable":true,"href":"https:\/\/analisislab.es\/ca\/wp-json\/wp\/v2\/users\/1"}],"replies":[{"embeddable":true,"href":"https:\/\/analisislab.es\/ca\/wp-json\/wp\/v2\/comments?post=147"}],"version-history":[{"count":22,"href":"https:\/\/analisislab.es\/ca\/wp-json\/wp\/v2\/pages\/147\/revisions"}],"predecessor-version":[{"id":2101,"href":"https:\/\/analisislab.es\/ca\/wp-json\/wp\/v2\/pages\/147\/revisions\/2101"}],"wp:attachment":[{"href":"https:\/\/analisislab.es\/ca\/wp-json\/wp\/v2\/media?parent=147"}],"curies":[{"name":"wp","href":"https:\/\/api.w.org\/{rel}","templated":true}]}}