{"id":143,"date":"2022-01-05T14:33:22","date_gmt":"2022-01-05T14:33:22","guid":{"rendered":"https:\/\/analisislab.es\/?page_id=143"},"modified":"2022-04-06T09:28:31","modified_gmt":"2022-04-06T09:28:31","slug":"aviso-legal","status":"publish","type":"page","link":"https:\/\/analisislab.es\/ca\/avis-legal\/","title":{"rendered":"Av\u00eds Legal"},"content":{"rendered":"<div data-elementor-type=\"wp-page\" data-elementor-id=\"143\" class=\"elementor elementor-143\" data-elementor-post-type=\"page\">\n\t\t\t\t\t\t<section data-particle_enable=\"false\" data-particle-mobile-disabled=\"false\" class=\"elementor-section elementor-top-section elementor-element elementor-element-3a44dfd elementor-section-height-min-height elementor-section-boxed elementor-section-height-default elementor-section-items-middle\" data-id=\"3a44dfd\" data-element_type=\"section\" data-settings=\"{&quot;background_background&quot;:&quot;classic&quot;}\">\n\t\t\t\t\t\t<div class=\"elementor-container elementor-column-gap-default\">\n\t\t\t\t\t<div class=\"elementor-column elementor-col-100 elementor-top-column elementor-element elementor-element-441019d\" data-id=\"441019d\" data-element_type=\"column\">\n\t\t\t<div class=\"elementor-widget-wrap elementor-element-populated\">\n\t\t\t\t\t\t<section data-particle_enable=\"false\" data-particle-mobile-disabled=\"false\" class=\"elementor-section elementor-inner-section elementor-element elementor-element-043c1cf elementor-section-boxed elementor-section-height-default elementor-section-height-default\" data-id=\"043c1cf\" data-element_type=\"section\">\n\t\t\t\t\t\t<div class=\"elementor-container elementor-column-gap-default\">\n\t\t\t\t\t<div class=\"elementor-column elementor-col-100 elementor-inner-column elementor-element elementor-element-acb797d\" data-id=\"acb797d\" data-element_type=\"column\">\n\t\t\t<div class=\"elementor-widget-wrap elementor-element-populated\">\n\t\t\t\t\t\t<div class=\"elementor-element elementor-element-84082a5 elementor-widget elementor-widget-heading\" data-id=\"84082a5\" data-element_type=\"widget\" data-widget_type=\"heading.default\">\n\t\t\t\t<div class=\"elementor-widget-container\">\n\t\t\t\t\t<h1 class=\"elementor-heading-title elementor-size-default\">Av\u00eds Leagal<\/h1>\t\t\t\t<\/div>\n\t\t\t\t<\/div>\n\t\t\t\t\t<\/div>\n\t\t<\/div>\n\t\t\t\t\t<\/div>\n\t\t<\/section>\n\t\t\t\t\t<\/div>\n\t\t<\/div>\n\t\t\t\t\t<\/div>\n\t\t<\/section>\n\t\t\t\t<section data-particle_enable=\"false\" data-particle-mobile-disabled=\"false\" class=\"elementor-section elementor-top-section elementor-element elementor-element-b9098cd elementor-section-boxed elementor-section-height-default elementor-section-height-default\" data-id=\"b9098cd\" data-element_type=\"section\">\n\t\t\t\t\t\t<div class=\"elementor-container elementor-column-gap-default\">\n\t\t\t\t\t<div class=\"elementor-column elementor-col-100 elementor-top-column elementor-element elementor-element-af896c8\" data-id=\"af896c8\" data-element_type=\"column\">\n\t\t\t<div class=\"elementor-widget-wrap elementor-element-populated\">\n\t\t\t\t\t\t<section data-particle_enable=\"false\" data-particle-mobile-disabled=\"false\" class=\"elementor-section elementor-inner-section elementor-element elementor-element-e25cd1e elementor-section-boxed elementor-section-height-default elementor-section-height-default\" data-id=\"e25cd1e\" data-element_type=\"section\">\n\t\t\t\t\t\t<div class=\"elementor-container elementor-column-gap-wider\">\n\t\t\t\t\t<div class=\"elementor-column elementor-col-50 elementor-inner-column elementor-element elementor-element-38be16e\" data-id=\"38be16e\" data-element_type=\"column\">\n\t\t\t<div class=\"elementor-widget-wrap elementor-element-populated\">\n\t\t\t\t\t\t<div class=\"elementor-element elementor-element-cbd7002 elementor-widget elementor-widget-text-editor\" data-id=\"cbd7002\" data-element_type=\"widget\" data-widget_type=\"text-editor.default\">\n\t\t\t\t<div class=\"elementor-widget-container\">\n\t\t\t\t\t\t\t\t\t<h6><strong>DADES IDENTIFICATIVES<\/strong><\/h6><p>En cumplimiento con el deber de informaci\u00f3n recogido en el art\u00edculo 10 de la Ley 34\/2002, de 11 de julio, de Servicios de la Sociedad de la Informaci\u00f3n y del Comercio Electr\u00f3nico, a continuaci\u00f3n se facilitan los siguientes datos:<\/p><p>El titular de esta website es \u201cLaboratorio De An\u00e1lisis Cl\u00ednicos An\u00e1lisis *Lab S.L.Uno\u201d, con domicilio a C\/ *Cami de l&#8217;Aleixar 40 43202 REUS,, con n\u00famero de NIF: B43629401, Correo electr\u00f3nico de contacto analisislab@analisilab.com..<\/p><p>La informaci\u00f3n contenida a www.analisislab.com, constituye un servicio de informaci\u00f3n de los varios servicios que ofrece \u201cLaboratorio De An\u00e1lisis Cl\u00ednicos An\u00e1lisis *Lab S.L.Uno.\u201d (desde ahora \u201cAn\u00e1lisis *Lab\u201d) en el \u00e1mbito de los an\u00e1lisis cl\u00ednicos.<\/p><h6><strong>ACEPTACI\u00d3N DE LAS CONDICIONES De USO<\/strong><\/h6><p>El acceso al Web www.analisislab.com implica la aceptaci\u00f3n de las condiciones de uso que en cada momento se encuentren vigentes en esta Web.<\/p><h6><strong>PROPIETAT INTEL\u00b7LECTUAL<\/strong><\/h6><p>El c\u00f3digo fuente, los dise\u00f1os gr\u00e1ficos, las im\u00e1genes, las fotograf\u00edas, las animaciones, el software, los textos, as\u00ed como la informaci\u00f3n y sus contenidos que se recogen en www.analisislab.com est\u00e1n protegidos por la legislaci\u00f3n espa\u00f1ola y la normativa de derechos de propiedad intelectual e industrial a favor de \u201cAn\u00e1lisis *Lab\u201d y no se permite la reproducci\u00f3n, total o parcial, de esta Web, ni su tratamiento inform\u00e1tico, comunicaci\u00f3n p\u00fablica, distribuci\u00f3n, difusi\u00f3n, modificaci\u00f3n, transformaci\u00f3n o *descompilaci\u00f3, sin el permiso previo y por escrito de su titular, \u201cAn\u00e1lisis *Lab\u201d en conformidad con los art\u00edculos 8 y 32 Ley de Propiedad Intelectual.<\/p><p>El usuario, \u00fanica y exclusivamente podr\u00e1 utilizar el material que aparezca en esta Web por su uso personal y privado, quedando prohibida su utilizaci\u00f3n con fines comerciales o para incurrir en actividades il\u00edcitas. Todos los derechos derivados de la propiedad intelectual est\u00e1n expresamente reservados por \u201cAn\u00e1lisis *Lab\u201d.<\/p><p>\u201cAn\u00e1lisis *Lab\u201d velar\u00e1 por el cumplimiento de las anteriores condiciones y por el correcto uso de los contenidos presentados en su portal, ejerciendo todas las acciones civiles y penales que le correspondan en el caso de infracci\u00f3n o incumplimiento de estos derechos por parte del usuario.<\/p><h6><strong>PROTECCI\u00d3N DE DATOS DE CAR\u00c1CTER PERSONAL<\/strong><\/h6><p>El acceso a la p\u00e1gina Web o su utilizaci\u00f3n no implica una recogida de datos personales del usuario por parte de \u201cAn\u00e1lisis *Lab\u201d. No obstante, se comunica que, en el supuesto de que \u201cAn\u00e1lisis *Lab\u201d solicite datos personales, se informar\u00e1 debidamente al usuario conforme se establece en el Reglamento General de Protecci\u00f3n de Datos y otra normativa de aplicaci\u00f3n relativa a la protecci\u00f3n de datos.<\/p><p>Los Datos Personales que recoge \u201cAn\u00e1lisis *Lab\u201d en los diferentes tipos de formularios, ser\u00e1n tratados con el fin de dar respuesta a la solicitud realizada por el interesado, as\u00ed como por el mantenimiento de la relaci\u00f3n que si se tercia se establezca, y la gesti\u00f3n, administraci\u00f3n, informaci\u00f3n, prestaci\u00f3n y mejora de los servicios que decida contratar.<\/p><p>Para una informaci\u00f3n m\u00e1s detallada en cuanto a la Protecci\u00f3n de Datos, tendr\u00e1 que acceder a nuestra \u201cPol\u00edtica de Privacidad\u201d.<\/p><p>\u201cAn\u00e1lisis *Lab\u201d ha tomado las medidas de cariz t\u00e9cnicas y organizativas necesarias para garantizar la seguridad de los datos y evitar su alteraci\u00f3n, p\u00e9rdida, tratamiento o acceso no autorizado, teniendo en cuenta el estado de la tecnolog\u00eda, la naturaleza de los datos almacenados y los riesgos a los cuales se encuentran expuestas, ya provengan de la acci\u00f3n humana o del medio f\u00edsico o natural.<\/p><h6><strong>DADES A XARXES SOCIALS<\/strong><\/h6><p>\u201cAn\u00e1lisis *Lab\u201d dispone de perfiles en diferentes redes sociales, por lo tanto tenemos que advertir al usuario que todos aquellos datos que publique en estos perfiles ser\u00e1n vistas por todos aquellos usuarios que *interactu\u00efn o consulten con estos perfiles, tengan estos o no su propio perfil en la red social, puesto que todos los perfiles de \u201cAn\u00e1lisis *Lab\u201d son p\u00fablicos. En consecuencia, toda la informaci\u00f3n y contenidos publicados por el usuario en los perfiles de \u201cAn\u00e1lisis *Lab\u201d, ser\u00e1 objeto de comunicaci\u00f3n al resto de usuarios por la misma naturaleza del servicio. Le recomendamos que consulte las Pol\u00edticas de Privacidad de las redes sociales antes de utilizar estos servicios.<\/p><p>En el supuesto de que el usuario env\u00ede informaci\u00f3n de cualquier tipo a \u201cAn\u00e1lisis *Lab\u201d, sobre todo en el caso de datos de terceros, a trav\u00e9s de las redes sociales, este declara y garantiza que est\u00e1 legitimado a enviar esta informaci\u00f3n y que no infringe ning\u00fan derecho de propiedad intelectual, de marca, de patente, secreto comercial, o cualquier otro derecho de tercero, que la informaci\u00f3n no tiene car\u00e1cter confidencial y que no da\u00f1a u ofende a terceros.<\/p><p>\u201cAn\u00e1lisis *Lab\u201d solo se responsable y garantiza la confidencialidad, seguridad y tratamiento de los datos conformo la legislaci\u00f3n vigente, respecto a los datos recogidos directamente del usuario, no teniendo ning\u00fan tipo de responsabilidad respecto de los tratamientos y posteriores usos que la red social pudiera efectuar.<\/p>\t\t\t\t\t\t\t\t<\/div>\n\t\t\t\t<\/div>\n\t\t\t\t\t<\/div>\n\t\t<\/div>\n\t\t\t\t<div class=\"elementor-column elementor-col-50 elementor-inner-column elementor-element elementor-element-0f74bbf\" data-id=\"0f74bbf\" data-element_type=\"column\">\n\t\t\t<div class=\"elementor-widget-wrap elementor-element-populated\">\n\t\t\t\t\t\t<div class=\"elementor-element elementor-element-c76f920 elementor-widget elementor-widget-text-editor\" data-id=\"c76f920\" data-element_type=\"widget\" data-widget_type=\"text-editor.default\">\n\t\t\t\t<div class=\"elementor-widget-container\">\n\t\t\t\t\t\t\t\t\t<h6><strong>LIMITACI\u00d3N DE LA RESPONSABILIDAD<\/strong><\/h6><p>\u201cAn\u00e1lisis *Lab\u201d no se responsabiliza de los posibles da\u00f1os o perjuicios que puedan suceder como consecuencia del uso de los contenidos de la Web, siente de exclusiva responsabilidad del usuario que acceda a estos.<\/p><p>En el mismo sentido, \u201cAn\u00e1lisis *Lab\u201d no se responsabiliza de los posibles perjuicios que se puedan derivar del uso de una versi\u00f3n no actualizada o defectuosa del navegador, de interrupciones en la conexi\u00f3n que se produzcan durante la transmisi\u00f3n de datos, virus inform\u00e1ticos, aver\u00edas o desconexiones en el funcionamiento del sistema telem\u00e1tico, de bloqueos causados por deficiencias o sobrecargas de l\u00edneas telef\u00f3nicas, as\u00ed como de da\u00f1os provocados por terceras personas mediante intromisiones no autorizadas.<\/p><p>La Web de \u201cAn\u00e1lisis *Lab\u201d contiene enlaces a otros p\u00e1ginas Web que puedan resultar de inter\u00e9s por los usuarios. \u201cAn\u00e1lisis *Lab\u201d no asume ninguna responsabilidad sobre estos enlaces, no pudiendo garantizar el cumplimiento de pol\u00edticas de privacidad adecuadas, motivo por el cual el usuario accede al contenido de las referidas p\u00e1ginas Web en las condiciones de uso que se fijen en las mismas y bajo su exclusiva responsabilidad.<\/p><p>\u201cAn\u00e1lisis *Lab\u201d no se hace responsable del incumplimiento de cualquier norma aplicable en la cual pueda incurrir el usuario en su acceso al Web www.analisislab.com y\/o en el uso de las informaciones contenidas en ella.<\/p><p>\u201cAn\u00e1lisis *Lab\u201d se reserva el derecho a interrumpir o denegar discrecionalmente, en cualquier momento y sin necesidad de aviso previo, el acceso de cualquier usuario a los contenidos de acceso restringido, cuando concurran algunas de las circunstancias descritas.<\/p><h6><strong>ENLLA\u00c7OS<\/strong><\/h6><p>Todos los enlaces o links, *hipertextual, *framing o cualquier otro tipo de conexi\u00f3n virtual a trav\u00e9s de redes de telecomunicaci\u00f3n desde cualquier Web a nuestra p\u00e1gina Web, tendr\u00e1 que ser solicitada y autorizada previamente y por escrito por \u201cAn\u00e1lisis *Lab\u201d, y si no hay, los enlaces que se establezcan en esta Web, tendr\u00e1n que hacerse en su p\u00e1gina de inicio.<\/p><p>Los enlaces que se realicen en p\u00e1ginas Web de terceros tienen \u00fanicamente una finalidad orientativa, siente su objeto poner a disposici\u00f3n del usuario otros fuentes de informaci\u00f3n que pudieran ser de su inter\u00e9s.<\/p><p>\u201cAn\u00e1lisis *Lab\u201d procura revisar peri\u00f3dicamente el contenido de sus enlaces. No obstante, es imposible conocer en todo momento el contenido concreto de los enlaces propuestos. Por este motivo solicitamos la colaboraci\u00f3n de cualquier usuario que acceda a los referidos contenidos en el supuesto que estos pudieran ser contrarios a la legalidad vigente, moral u orden p\u00fablico, inform\u00e1ndonos a trav\u00e9s del siguiente correo electr\u00f3nico analisislab@analisislab.es<\/p><h6><strong>RESPONSABILITAT<\/strong><\/h6><p>En definitiva, el usuario es el \u00fanico responsable del uso que realice de los servicios, contenidos, enlaces (links) y *hipertextos incluidos en el Web www.analisislab.com<\/p><h6><strong>POL\u00cdTICA DE PRIVACIDAD<\/strong><\/h6><p>Los datos de car\u00e1cter personal logradas mediante los diferentes formularios de registro est\u00e1n sujetos por los plazos recogidos en nuestra Pol\u00edtica de Privacidad.<\/p><h6><strong>RESERVA<\/strong><\/h6><p>\u201cAn\u00e1lisis *Lab\u201d se reserva la facultad a todas horas, sin necesidad de abuelos previo, de efectuar modificaciones y actualizaciones de la informaci\u00f3n contenida a su Web o a su configuraci\u00f3n y presentaci\u00f3n. As\u00ed mismo se reserva el derecho a suspender temporalmente, y sin que sea necesario previo aviso, la accesibilidad en la Web por razones de una eventual necesidad y para efectuar operaciones de mantenimiento, reparaci\u00f3n o mejora.<\/p><p>\u201cAn\u00e1lisis *Lab\u201d se reserva el derecho a incluir o retirar de manera total o parcialmente de la Web, cualquier informaci\u00f3n a su exclusiva discreci\u00f3n.<\/p><h6><strong>LEY APLICABLE Y JURISDICCI\u00d3N<\/strong><\/h6><p>Por todas aquellas cuestiones que puedan surgir con motivo de interpretaci\u00f3n, ejecuci\u00f3n o eventual incumplimiento de las presentes condiciones de utilizaci\u00f3n, los usuarios, con renuncia a su propia jurisdicci\u00f3n, y con independencia del lugar donde surja cualquier disputa, se someter\u00e1n expresamente a la competencia y jurisdicci\u00f3n de los juzgados y tribunales de Reus.<\/p><p>Las presentes condiciones se regir\u00e1n, en todo caso, por la legislaci\u00f3n espa\u00f1ola.<\/p><p>\u201cAn\u00e1lisis *Lab.\u201d<br \/>Tots els drets reservats<\/p>\t\t\t\t\t\t\t\t<\/div>\n\t\t\t\t<\/div>\n\t\t\t\t\t<\/div>\n\t\t<\/div>\n\t\t\t\t\t<\/div>\n\t\t<\/section>\n\t\t\t\t\t<\/div>\n\t\t<\/div>\n\t\t\t\t\t<\/div>\n\t\t<\/section>\n\t\t\t\t<\/div>","protected":false},"excerpt":{"rendered":"<p>Aviso Leagal DATOS IDENTIFICATIVOS En cumplimiento con el deber de informaci\u00f3n recogido en el art\u00edculo 10 de la Ley 34\/2002, de 11 de julio, de Servicios de la Sociedad de la Informaci\u00f3n y del Comercio Electr\u00f3nico, a continuaci\u00f3n se facilitan los siguientes datos: El titular de esta website es \u201cLaboratorio De An\u00e1lisis Cl\u00ednicos An\u00e1lisis *Lab &#8230; <a title=\"Av\u00eds Legal\" class=\"read-more\" href=\"https:\/\/analisislab.es\/ca\/avis-legal\/\" aria-label=\"M\u00e9s informaci\u00f3 sobre Aviso Legal\">Llegiu m\u00e9s<\/a><\/p>","protected":false},"author":1,"featured_media":0,"parent":0,"menu_order":0,"comment_status":"closed","ping_status":"closed","template":"elementor_header_footer","meta":{"footnotes":""},"class_list":["post-143","page","type-page","status-publish"],"yoast_head":"<!-- This site is optimized with the Yoast SEO Premium plugin v25.8 (Yoast SEO v25.8) - https:\/\/yoast.com\/wordpress\/plugins\/seo\/ -->\n<title>Aviso Legal - Analisis Lab<\/title>\n<meta name=\"robots\" content=\"noindex, follow, max-snippet:-1, max-image-preview:large, max-video-preview:-1\" \/>\n<meta property=\"og:locale\" content=\"ca_ES\" \/>\n<meta property=\"og:type\" content=\"article\" \/>\n<meta property=\"og:title\" content=\"Aviso Legal\" \/>\n<meta property=\"og:description\" content=\"Aviso Leagal DATOS IDENTIFICATIVOS En cumplimiento con el deber de informaci\u00f3n recogido en el art\u00edculo 10 de la Ley 34\/2002, de 11 de julio, de Servicios de la Sociedad de la Informaci\u00f3n y del Comercio Electr\u00f3nico, a continuaci\u00f3n se facilitan los siguientes datos: El titular de esta website es \u201cLaboratorio De An\u00e1lisis Cl\u00ednicos An\u00e1lisis *Lab ... Llegiu m\u00e9s\" \/>\n<meta property=\"og:url\" content=\"https:\/\/analisislab.es\/ca\/avis-legal\/\" \/>\n<meta property=\"og:site_name\" content=\"Analisis Lab\" \/>\n<meta property=\"article:modified_time\" content=\"2022-04-06T09:28:31+00:00\" \/>\n<meta name=\"twitter:card\" content=\"summary_large_image\" \/>\n<meta name=\"twitter:label1\" content=\"Temps estimat de lectura\" \/>\n\t<meta name=\"twitter:data1\" content=\"7 minuts\" \/>\n<script type=\"application\/ld+json\" class=\"yoast-schema-graph\">{\"@context\":\"https:\/\/schema.org\",\"@graph\":[{\"@type\":\"WebPage\",\"@id\":\"https:\/\/analisislab.es\/aviso-legal\/\",\"url\":\"https:\/\/analisislab.es\/aviso-legal\/\",\"name\":\"Aviso Legal - Analisis Lab\",\"isPartOf\":{\"@id\":\"https:\/\/analisislab.es\/#website\"},\"datePublished\":\"2022-01-05T14:33:22+00:00\",\"dateModified\":\"2022-04-06T09:28:31+00:00\",\"breadcrumb\":{\"@id\":\"https:\/\/analisislab.es\/aviso-legal\/#breadcrumb\"},\"inLanguage\":\"ca\",\"potentialAction\":[{\"@type\":\"ReadAction\",\"target\":[\"https:\/\/analisislab.es\/aviso-legal\/\"]}]},{\"@type\":\"BreadcrumbList\",\"@id\":\"https:\/\/analisislab.es\/aviso-legal\/#breadcrumb\",\"itemListElement\":[{\"@type\":\"ListItem\",\"position\":1,\"name\":\"Home\",\"item\":\"https:\/\/analisislab.es\/\"},{\"@type\":\"ListItem\",\"position\":2,\"name\":\"Aviso Legal\"}]},{\"@type\":\"WebSite\",\"@id\":\"https:\/\/analisislab.es\/#website\",\"url\":\"https:\/\/analisislab.es\/\",\"name\":\"Analisis Lab\",\"description\":\"Centro de an\u00e1lisis cl\u00ednicos Calidad y rapidez en los resultados en m\u00e1s de 3.000 pruebas de laboratorio.\",\"publisher\":{\"@id\":\"https:\/\/analisislab.es\/#organization\"},\"potentialAction\":[{\"@type\":\"SearchAction\",\"target\":{\"@type\":\"EntryPoint\",\"urlTemplate\":\"https:\/\/analisislab.es\/?s={search_term_string}\"},\"query-input\":{\"@type\":\"PropertyValueSpecification\",\"valueRequired\":true,\"valueName\":\"search_term_string\"}}],\"inLanguage\":\"ca\"},{\"@type\":\"Organization\",\"@id\":\"https:\/\/analisislab.es\/#organization\",\"name\":\"Analisis Lab\",\"url\":\"https:\/\/analisislab.es\/\",\"logo\":{\"@type\":\"ImageObject\",\"inLanguage\":\"ca\",\"@id\":\"https:\/\/analisislab.es\/#\/schema\/logo\/image\/\",\"url\":\"https:\/\/analisislab.es\/wp-content\/uploads\/2022\/01\/cropped-logo.png\",\"contentUrl\":\"https:\/\/analisislab.es\/wp-content\/uploads\/2022\/01\/cropped-logo.png\",\"width\":990,\"height\":351,\"caption\":\"Analisis Lab\"},\"image\":{\"@id\":\"https:\/\/analisislab.es\/#\/schema\/logo\/image\/\"}}]}<\/script>\n<!-- \/ Yoast SEO Premium plugin. -->","yoast_head_json":{"title":"Av\u00eds Legal - An\u00e0lisi Lab","robots":{"index":"noindex","follow":"follow","max-snippet":"max-snippet:-1","max-image-preview":"max-image-preview:large","max-video-preview":"max-video-preview:-1"},"og_locale":"ca_ES","og_type":"article","og_title":"Aviso Legal","og_description":"Aviso Leagal DATOS IDENTIFICATIVOS En cumplimiento con el deber de informaci\u00f3n recogido en el art\u00edculo 10 de la Ley 34\/2002, de 11 de julio, de Servicios de la Sociedad de la Informaci\u00f3n y del Comercio Electr\u00f3nico, a continuaci\u00f3n se facilitan los siguientes datos: El titular de esta website es \u201cLaboratorio De An\u00e1lisis Cl\u00ednicos An\u00e1lisis *Lab ... Llegiu m\u00e9s","og_url":"https:\/\/analisislab.es\/ca\/avis-legal\/","og_site_name":"Analisis Lab","article_modified_time":"2022-04-06T09:28:31+00:00","twitter_card":"summary_large_image","twitter_misc":{"Temps estimat de lectura":"7 minuts"},"schema":{"@context":"https:\/\/schema.org","@graph":[{"@type":"WebPage","@id":"https:\/\/analisislab.es\/aviso-legal\/","url":"https:\/\/analisislab.es\/aviso-legal\/","name":"Av\u00eds Legal - An\u00e0lisi Lab","isPartOf":{"@id":"https:\/\/analisislab.es\/#website"},"datePublished":"2022-01-05T14:33:22+00:00","dateModified":"2022-04-06T09:28:31+00:00","breadcrumb":{"@id":"https:\/\/analisislab.es\/aviso-legal\/#breadcrumb"},"inLanguage":"ca","potentialAction":[{"@type":"ReadAction","target":["https:\/\/analisislab.es\/aviso-legal\/"]}]},{"@type":"BreadcrumbList","@id":"https:\/\/analisislab.es\/aviso-legal\/#breadcrumb","itemListElement":[{"@type":"ListItem","position":1,"name":"Home","item":"https:\/\/analisislab.es\/"},{"@type":"ListItem","position":2,"name":"Aviso Legal"}]},{"@type":"WebSite","@id":"https:\/\/analisislab.es\/#website","url":"https:\/\/analisislab.es\/","name":"An\u00e0lisi Lab","description":"Centro de an\u00e1lisis cl\u00ednicos Calidad y rapidez en los resultados en m\u00e1s de 3.000 pruebas de laboratorio.","publisher":{"@id":"https:\/\/analisislab.es\/#organization"},"potentialAction":[{"@type":"SearchAction","target":{"@type":"EntryPoint","urlTemplate":"https:\/\/analisislab.es\/?s={search_term_string}"},"query-input":{"@type":"PropertyValueSpecification","valueRequired":true,"valueName":"search_term_string"}}],"inLanguage":"ca"},{"@type":"Organization","@id":"https:\/\/analisislab.es\/#organization","name":"An\u00e0lisi Lab","url":"https:\/\/analisislab.es\/","logo":{"@type":"ImageObject","inLanguage":"ca","@id":"https:\/\/analisislab.es\/#\/schema\/logo\/image\/","url":"https:\/\/analisislab.es\/wp-content\/uploads\/2022\/01\/cropped-logo.png","contentUrl":"https:\/\/analisislab.es\/wp-content\/uploads\/2022\/01\/cropped-logo.png","width":990,"height":351,"caption":"Analisis Lab"},"image":{"@id":"https:\/\/analisislab.es\/#\/schema\/logo\/image\/"}}]}},"_links":{"self":[{"href":"https:\/\/analisislab.es\/ca\/wp-json\/wp\/v2\/pages\/143","targetHints":{"allow":["GET"]}}],"collection":[{"href":"https:\/\/analisislab.es\/ca\/wp-json\/wp\/v2\/pages"}],"about":[{"href":"https:\/\/analisislab.es\/ca\/wp-json\/wp\/v2\/types\/page"}],"author":[{"embeddable":true,"href":"https:\/\/analisislab.es\/ca\/wp-json\/wp\/v2\/users\/1"}],"replies":[{"embeddable":true,"href":"https:\/\/analisislab.es\/ca\/wp-json\/wp\/v2\/comments?post=143"}],"version-history":[{"count":13,"href":"https:\/\/analisislab.es\/ca\/wp-json\/wp\/v2\/pages\/143\/revisions"}],"predecessor-version":[{"id":2107,"href":"https:\/\/analisislab.es\/ca\/wp-json\/wp\/v2\/pages\/143\/revisions\/2107"}],"wp:attachment":[{"href":"https:\/\/analisislab.es\/ca\/wp-json\/wp\/v2\/media?parent=143"}],"curies":[{"name":"wp","href":"https:\/\/api.w.org\/{rel}","templated":true}]}}